{"id":1624,"date":"2021-01-28T19:45:26","date_gmt":"2021-01-28T18:45:26","guid":{"rendered":"https:\/\/ganzheitlich-nachhaltig.de\/engagement-und-gesellschaft\/"},"modified":"2021-06-23T19:23:08","modified_gmt":"2021-06-23T17:23:08","slug":"engagement-und-gesellschaft","status":"publish","type":"page","link":"https:\/\/ganzheitlich-nachhaltig.de\/pl\/engagement-und-gesellschaft\/","title":{"rendered":"Zaanga\u017cowanie i spo\u0142ecze\u0144stwo"},"content":{"rendered":"","protected":false},"excerpt":{"rendered":"","protected":false},"author":1,"featured_media":1600,"parent":0,"menu_order":0,"comment_status":"closed","ping_status":"closed","template":"","meta":{"_acf_changed":false,"footnotes":""},"class_list":["post-1624","page","type-page","status-publish","hentry"],"acf":[],"_links":{"self":[{"href":"https:\/\/ganzheitlich-nachhaltig.de\/pl\/wp-json\/wp\/v2\/pages\/1624","targetHints":{"allow":["GET"]}}],"collection":[{"href":"https:\/\/ganzheitlich-nachhaltig.de\/pl\/wp-json\/wp\/v2\/pages"}],"about":[{"href":"https:\/\/ganzheitlich-nachhaltig.de\/pl\/wp-json\/wp\/v2\/types\/page"}],"author":[{"embeddable":true,"href":"https:\/\/ganzheitlich-nachhaltig.de\/pl\/wp-json\/wp\/v2\/users\/1"}],"replies":[{"embeddable":true,"href":"https:\/\/ganzheitlich-nachhaltig.de\/pl\/wp-json\/wp\/v2\/comments?post=1624"}],"version-history":[{"count":0,"href":"https:\/\/ganzheitlich-nachhaltig.de\/pl\/wp-json\/wp\/v2\/pages\/1624\/revisions"}],"wp:featuredmedia":[{"embeddable":true,"href":"https:\/\/ganzheitlich-nachhaltig.de\/pl\/wp-json\/wp\/v2\/media\/1600"}],"wp:attachment":[{"href":"https:\/\/ganzheitlich-nachhaltig.de\/pl\/wp-json\/wp\/v2\/media?parent=1624"}],"curies":[{"name":"wp","href":"https:\/\/api.w.org\/{rel}","templated":true}]}}