{"id":1656,"date":"2021-01-28T18:06:25","date_gmt":"2021-01-28T17:06:25","guid":{"rendered":"https:\/\/ganzheitlich-nachhaltig.de\/integritat-und-verantwortung\/"},"modified":"2021-06-23T19:40:47","modified_gmt":"2021-06-23T17:40:47","slug":"integritat-und-verantwortung","status":"publish","type":"page","link":"https:\/\/ganzheitlich-nachhaltig.de\/pl\/integritat-und-verantwortung\/","title":{"rendered":"Uczciwo\u015b\u0107 i odpowiedzialno\u015b\u0107"},"content":{"rendered":"","protected":false},"excerpt":{"rendered":"","protected":false},"author":1,"featured_media":1600,"parent":0,"menu_order":0,"comment_status":"closed","ping_status":"closed","template":"","meta":{"_acf_changed":false,"footnotes":""},"class_list":["post-1656","page","type-page","status-publish","hentry"],"acf":[],"_links":{"self":[{"href":"https:\/\/ganzheitlich-nachhaltig.de\/pl\/wp-json\/wp\/v2\/pages\/1656","targetHints":{"allow":["GET"]}}],"collection":[{"href":"https:\/\/ganzheitlich-nachhaltig.de\/pl\/wp-json\/wp\/v2\/pages"}],"about":[{"href":"https:\/\/ganzheitlich-nachhaltig.de\/pl\/wp-json\/wp\/v2\/types\/page"}],"author":[{"embeddable":true,"href":"https:\/\/ganzheitlich-nachhaltig.de\/pl\/wp-json\/wp\/v2\/users\/1"}],"replies":[{"embeddable":true,"href":"https:\/\/ganzheitlich-nachhaltig.de\/pl\/wp-json\/wp\/v2\/comments?post=1656"}],"version-history":[{"count":0,"href":"https:\/\/ganzheitlich-nachhaltig.de\/pl\/wp-json\/wp\/v2\/pages\/1656\/revisions"}],"wp:featuredmedia":[{"embeddable":true,"href":"https:\/\/ganzheitlich-nachhaltig.de\/pl\/wp-json\/wp\/v2\/media\/1600"}],"wp:attachment":[{"href":"https:\/\/ganzheitlich-nachhaltig.de\/pl\/wp-json\/wp\/v2\/media?parent=1656"}],"curies":[{"name":"wp","href":"https:\/\/api.w.org\/{rel}","templated":true}]}}